{"id":13748,"date":"2026-04-06T01:26:49","date_gmt":"2026-04-06T01:26:49","guid":{"rendered":"https:\/\/presencepower.shop\/?post_type=product&#038;p=13748"},"modified":"2026-04-06T01:49:01","modified_gmt":"2026-04-06T01:49:01","slug":"spsil-desodorante-ambiental-para-coches-eliminador-de-olores-con-6-aromas-uso-adicional-en-hogar-150ml","status":"publish","type":"product","link":"https:\/\/presencepower.shop\/es\/producto\/spsil-desodorante-ambiental-para-coches-eliminador-de-olores-con-6-aromas-uso-adicional-en-hogar-150ml\/","title":{"rendered":"SPSIL Desodorante Ambiental para Coches, Eliminador de Olores con 6 Aromas, Uso Adicional en Hogar, 150ml"},"content":{"rendered":"<div data-elementor-type=\"product-post\" data-elementor-id=\"13748\" class=\"elementor elementor-13748\" data-elementor-post-type=\"product\">\n\t\t\t\t<div class=\"elementor-element elementor-element-35c2a05d e-flex e-con-boxed e-con e-parent\" data-id=\"35c2a05d\" data-element_type=\"container\" data-settings=\"{&quot;ekit_has_onepagescroll_dot&quot;:&quot;yes&quot;}\">\n\t\t\t\t\t<div class=\"e-con-inner\">\n\t\t\t\t<div class=\"elementor-element elementor-element-4c3350e1 elementor-position-left elementor-vertical-align-middle elementor-widget elementor-widget-image-box\" data-id=\"4c3350e1\" data-element_type=\"widget\" data-settings=\"{&quot;ekit_we_effect_on&quot;:&quot;none&quot;}\" data-widget_type=\"image-box.default\">\n\t\t\t\t<div class=\"elementor-widget-container\">\n\t\t\t\t\t<div class=\"elementor-image-box-wrapper\"><figure class=\"elementor-image-box-img\"><img loading=\"lazy\" decoding=\"async\" width=\"300\" height=\"300\" src=\"https:\/\/presencepower.shop\/wp-content\/uploads\/2026\/04\/fd6b2f36-88a7-404b-a2c3-86f258f15a7f.__CR00300300_PT0_SX300_V1___-1.jpg\" class=\"attachment-full size-full wp-image-13760 wvs-archive-product-image\" alt=\"\" srcset=\"https:\/\/presencepower.shop\/wp-content\/uploads\/2026\/04\/fd6b2f36-88a7-404b-a2c3-86f258f15a7f.__CR00300300_PT0_SX300_V1___-1.jpg 300w, https:\/\/presencepower.shop\/wp-content\/uploads\/2026\/04\/fd6b2f36-88a7-404b-a2c3-86f258f15a7f.__CR00300300_PT0_SX300_V1___-1-150x150.jpg 150w, https:\/\/presencepower.shop\/wp-content\/uploads\/2026\/04\/fd6b2f36-88a7-404b-a2c3-86f258f15a7f.__CR00300300_PT0_SX300_V1___-1-12x12.jpg 12w, https:\/\/presencepower.shop\/wp-content\/uploads\/2026\/04\/fd6b2f36-88a7-404b-a2c3-86f258f15a7f.__CR00300300_PT0_SX300_V1___-1-100x100.jpg 100w, https:\/\/presencepower.shop\/wp-content\/uploads\/2026\/04\/fd6b2f36-88a7-404b-a2c3-86f258f15a7f.__CR00300300_PT0_SX300_V1___-1-50x50.jpg 50w, https:\/\/presencepower.shop\/wp-content\/uploads\/2026\/04\/fd6b2f36-88a7-404b-a2c3-86f258f15a7f.__CR00300300_PT0_SX300_V1___-1-1x1.jpg 1w, https:\/\/presencepower.shop\/wp-content\/uploads\/2026\/04\/fd6b2f36-88a7-404b-a2c3-86f258f15a7f.__CR00300300_PT0_SX300_V1___-1-10x10.jpg 10w\" sizes=\"auto, (max-width: 300px) 100vw, 300px\" \/><\/figure><div class=\"elementor-image-box-content\"><h3 class=\"elementor-image-box-title\">Desodorante Antibacterial - Eliminador de Olores de Coche SPSIL<\/h3><p class=\"elementor-image-box-description\">El Desodorante Antibacterial - Eliminador de Olores de Coche SPSIL es una soluci\u00f3n innovadora dise\u00f1ada para transformar el ambiente interior de tu veh\u00edculo, brindando frescura y limpieza en un instante.\n\nEste producto es ideal para quienes pasan largas horas en el veh\u00edculo, ya que su efecto duradero se extiende hasta 45 d\u00edas con una sola aplicaci\u00f3n. Ya sea que enfrentes olores persistentes como los de comida, humo, o simplemente el desgaste diario.<\/p><\/div><\/div>\t\t\t\t<\/div>\n\t\t\t\t<\/div>\n\t\t\t\t<div class=\"elementor-element elementor-element-325820d9 elementor-widget elementor-widget-text-editor\" data-id=\"325820d9\" data-element_type=\"widget\" data-settings=\"{&quot;ekit_we_effect_on&quot;:&quot;none&quot;}\" data-widget_type=\"text-editor.default\">\n\t\t\t\t<div class=\"elementor-widget-container\">\n\t\t\t\t\t\t\t\t\t<ul class=\"a-unordered-list a-vertical\"><li><span class=\"a-list-item\">Elimina Olores y Bacterias al Instante: El Desodorante Antibacterias SPSIL act\u00faa r\u00e1pidamente para eliminar los malos olores y combatir las bacterias causantes de ellos.<\/span><\/li><li><span class=\"a-list-item\">Protecci\u00f3n Prolongada Durante Todo el D\u00eda: Disfruta de una protecci\u00f3n duradera contra malos olores y bacterias, gracias a su f\u00f3rmula avanzada, ideal para mantener el ambiente fresco<\/span><\/li><li><span class=\"a-list-item\">Ideal para Uso en Diversas Superficies: Este desodorante antibacterial es perfecto para mantener fresco el interior del veh\u00edculo, protegiendo de bacterias y malos olores.<\/span><\/li><li><span class=\"a-list-item\">F\u00f3rmula Segura y No T\u00f3xica: Formulado con ingredientes suaves pero eficaces, este desodorante es seguro para su uso en el hogar y en veh\u00edculos<\/span><\/li><li><span class=\"a-list-item\">F\u00e1cil Aplicaci\u00f3n y Uso Vers\u00e1til: Gracias a su pr\u00e1ctico formato en spray, se aplica de manera f\u00e1cil y r\u00e1pida en cualquier superficie.<\/span><\/li><\/ul>\t\t\t\t\t\t\t\t<\/div>\n\t\t\t\t<\/div>\n\t\t\t\t<div class=\"elementor-element elementor-element-13ee46d8 elementor-position-left elementor-vertical-align-middle elementor-widget elementor-widget-image-box\" data-id=\"13ee46d8\" data-element_type=\"widget\" data-settings=\"{&quot;ekit_we_effect_on&quot;:&quot;none&quot;}\" data-widget_type=\"image-box.default\">\n\t\t\t\t<div class=\"elementor-widget-container\">\n\t\t\t\t\t<div class=\"elementor-image-box-wrapper\"><figure class=\"elementor-image-box-img\"><img loading=\"lazy\" decoding=\"async\" width=\"300\" height=\"300\" src=\"https:\/\/presencepower.shop\/wp-content\/uploads\/2026\/04\/cb995849-5e32-4fcc-969f-2c0dd7fe148c.__CR00300300_PT0_SX300_V1___.png\" class=\"attachment-full size-full wp-image-13761 wvs-archive-product-image\" alt=\"\" srcset=\"https:\/\/presencepower.shop\/wp-content\/uploads\/2026\/04\/cb995849-5e32-4fcc-969f-2c0dd7fe148c.__CR00300300_PT0_SX300_V1___.png 300w, https:\/\/presencepower.shop\/wp-content\/uploads\/2026\/04\/cb995849-5e32-4fcc-969f-2c0dd7fe148c.__CR00300300_PT0_SX300_V1___-150x150.png 150w, https:\/\/presencepower.shop\/wp-content\/uploads\/2026\/04\/cb995849-5e32-4fcc-969f-2c0dd7fe148c.__CR00300300_PT0_SX300_V1___-12x12.png 12w, https:\/\/presencepower.shop\/wp-content\/uploads\/2026\/04\/cb995849-5e32-4fcc-969f-2c0dd7fe148c.__CR00300300_PT0_SX300_V1___-100x100.png 100w, https:\/\/presencepower.shop\/wp-content\/uploads\/2026\/04\/cb995849-5e32-4fcc-969f-2c0dd7fe148c.__CR00300300_PT0_SX300_V1___-50x50.png 50w, https:\/\/presencepower.shop\/wp-content\/uploads\/2026\/04\/cb995849-5e32-4fcc-969f-2c0dd7fe148c.__CR00300300_PT0_SX300_V1___-1x1.png 1w, https:\/\/presencepower.shop\/wp-content\/uploads\/2026\/04\/cb995849-5e32-4fcc-969f-2c0dd7fe148c.__CR00300300_PT0_SX300_V1___-10x10.png 10w\" sizes=\"auto, (max-width: 300px) 100vw, 300px\" \/><\/figure><div class=\"elementor-image-box-content\"><h3 class=\"elementor-image-box-title\">Desodorante Antibacterial - Eliminador de Olores de Coche SPSIL<\/h3><p class=\"elementor-image-box-description\">F\u00f3rmula Antibacteriana: Act\u00faa eliminando los g\u00e9rmenes y bacterias que causan olores, proporcionando un aire m\u00e1s limpio y saludable.\nF\u00e1cil Aplicaci\u00f3n: Con un dise\u00f1o intuitivo, solo necesitas seguir unos sencillos pasos para activar y disfrutar de su efecto inmediato.\nVersatilidad de Uso: Adecuado para todo tipo de veh\u00edculos, incluyendo coches, SUV, camionetas y veh\u00edculos comerciales, ideal para cualquier amante de la conducci\u00f3n.\n\nArranca el coche y aseg\u00farate de cerrar todas las ventanas.\nActiva la recirculaci\u00f3n del aire acondicionado para maximizar la difusi\u00f3n del producto.\nAjusta la velocidad del ventilador al m\u00e1ximo para una dispersi\u00f3n \u00f3ptima.\nPresiona el cabezal del aerosol hasta que se bloquee, permitiendo que comience a pulverizarse.\nSal del veh\u00edculo r\u00e1pidamente y cierra las puertas para concentrar el efecto del producto en el interior.<\/p><\/div><\/div>\t\t\t\t<\/div>\n\t\t\t\t<\/div>\n\t\t\t\t<div class=\"elementor-element elementor-element-3cb1ce14 elementor-position-right elementor-vertical-align-middle elementor-widget elementor-widget-image-box\" data-id=\"3cb1ce14\" data-element_type=\"widget\" data-settings=\"{&quot;ekit_we_effect_on&quot;:&quot;none&quot;}\" data-widget_type=\"image-box.default\">\n\t\t\t\t<div class=\"elementor-widget-container\">\n\t\t\t\t\t<div class=\"elementor-image-box-wrapper\"><figure class=\"elementor-image-box-img\"><img loading=\"lazy\" decoding=\"async\" width=\"300\" height=\"300\" src=\"https:\/\/presencepower.shop\/wp-content\/uploads\/2026\/04\/2e784339-1f31-4fb8-b5cd-64770f81a1b1.__CR00300300_PT0_SX300_V1___.jpg\" class=\"attachment-full size-full wp-image-13762 wvs-archive-product-image\" alt=\"\" srcset=\"https:\/\/presencepower.shop\/wp-content\/uploads\/2026\/04\/2e784339-1f31-4fb8-b5cd-64770f81a1b1.__CR00300300_PT0_SX300_V1___.jpg 300w, https:\/\/presencepower.shop\/wp-content\/uploads\/2026\/04\/2e784339-1f31-4fb8-b5cd-64770f81a1b1.__CR00300300_PT0_SX300_V1___-150x150.jpg 150w, https:\/\/presencepower.shop\/wp-content\/uploads\/2026\/04\/2e784339-1f31-4fb8-b5cd-64770f81a1b1.__CR00300300_PT0_SX300_V1___-12x12.jpg 12w, https:\/\/presencepower.shop\/wp-content\/uploads\/2026\/04\/2e784339-1f31-4fb8-b5cd-64770f81a1b1.__CR00300300_PT0_SX300_V1___-100x100.jpg 100w, https:\/\/presencepower.shop\/wp-content\/uploads\/2026\/04\/2e784339-1f31-4fb8-b5cd-64770f81a1b1.__CR00300300_PT0_SX300_V1___-50x50.jpg 50w, https:\/\/presencepower.shop\/wp-content\/uploads\/2026\/04\/2e784339-1f31-4fb8-b5cd-64770f81a1b1.__CR00300300_PT0_SX300_V1___-1x1.jpg 1w, https:\/\/presencepower.shop\/wp-content\/uploads\/2026\/04\/2e784339-1f31-4fb8-b5cd-64770f81a1b1.__CR00300300_PT0_SX300_V1___-10x10.jpg 10w\" sizes=\"auto, (max-width: 300px) 100vw, 300px\" \/><\/figure><div class=\"elementor-image-box-content\"><h3 class=\"elementor-image-box-title\">Viaja libre de olores en tu veh\u00edculo<\/h3><p class=\"elementor-image-box-description\">Perfecto para una amplia gama de situaciones, desde viajes familiares hasta desplazamientos diarios al trabajo.\n\n\nDesodorante Antibacterial\nDesodorante Antibacterial - Eliminador de Olores de Coche\nEliminador de olores coche\nEliminar bacterias del ambiente del veh\u00edculo\nEliminar olor a perro del coche\nEliminar olor a tabaco del coche<\/p><\/div><\/div>\t\t\t\t<\/div>\n\t\t\t\t<\/div>\n\t\t\t\t<div class=\"elementor-element elementor-element-8187313 elementor-position-left elementor-vertical-align-middle elementor-widget elementor-widget-image-box\" data-id=\"8187313\" data-element_type=\"widget\" data-settings=\"{&quot;ekit_we_effect_on&quot;:&quot;none&quot;}\" data-widget_type=\"image-box.default\">\n\t\t\t\t<div class=\"elementor-widget-container\">\n\t\t\t\t\t<div class=\"elementor-image-box-wrapper\"><figure class=\"elementor-image-box-img\"><img loading=\"lazy\" decoding=\"async\" width=\"1453\" height=\"1417\" src=\"https:\/\/presencepower.shop\/wp-content\/uploads\/2026\/04\/71z0UX0V15L._AC_SL1500_.jpg\" class=\"attachment-full size-full wp-image-13763 wvs-archive-product-image\" alt=\"\" srcset=\"https:\/\/presencepower.shop\/wp-content\/uploads\/2026\/04\/71z0UX0V15L._AC_SL1500_.jpg 1453w, https:\/\/presencepower.shop\/wp-content\/uploads\/2026\/04\/71z0UX0V15L._AC_SL1500_-300x293.jpg 300w, https:\/\/presencepower.shop\/wp-content\/uploads\/2026\/04\/71z0UX0V15L._AC_SL1500_-1024x999.jpg 1024w, https:\/\/presencepower.shop\/wp-content\/uploads\/2026\/04\/71z0UX0V15L._AC_SL1500_-768x749.jpg 768w, https:\/\/presencepower.shop\/wp-content\/uploads\/2026\/04\/71z0UX0V15L._AC_SL1500_-12x12.jpg 12w, https:\/\/presencepower.shop\/wp-content\/uploads\/2026\/04\/71z0UX0V15L._AC_SL1500_-600x585.jpg 600w, https:\/\/presencepower.shop\/wp-content\/uploads\/2026\/04\/71z0UX0V15L._AC_SL1500_-50x50.jpg 50w, https:\/\/presencepower.shop\/wp-content\/uploads\/2026\/04\/71z0UX0V15L._AC_SL1500_-1x1.jpg 1w, https:\/\/presencepower.shop\/wp-content\/uploads\/2026\/04\/71z0UX0V15L._AC_SL1500_-10x10.jpg 10w\" sizes=\"auto, (max-width: 1453px) 100vw, 1453px\" \/><\/figure><div class=\"elementor-image-box-content\"><h3 class=\"elementor-image-box-title\"> F\u00f3rmula segura y no t\u00f3xica - Protege tu salud y la de tu familia<\/h3><p class=\"elementor-image-box-description\">Todos los productos SPSIL est\u00e1n elaborados con ingredientes no t\u00f3xicos, libres de alcohol, formaldeh\u00eddo y sustancias nocivas. Son seguros para toda la familia, incluyendo ni\u00f1os, mujeres embarazadas y mascotas. No irritan la piel ni las mucosas, y no dejan residuos pegajosos ni manchas en las superficies del veh\u00edculo. Puedes respirar tranquilo sabiendo que est\u00e1s utilizando un producto que cuida tu salud .<\/p><\/div><\/div>\t\t\t\t<\/div>\n\t\t\t\t<\/div>\n\t\t\t\t\t<\/div>\n\t\t\t\t<\/div>\n\t\t<div class=\"elementor-element elementor-element-4098a1a9 e-flex e-con-boxed e-con e-parent\" data-id=\"4098a1a9\" data-element_type=\"container\" data-settings=\"{&quot;ekit_has_onepagescroll_dot&quot;:&quot;yes&quot;}\">\n\t\t\t\t\t<div class=\"e-con-inner\">\n\t\t\t\t<div class=\"elementor-element elementor-element-db2fd70 elementor-widget elementor-widget-text-editor\" data-id=\"db2fd70\" data-element_type=\"widget\" data-settings=\"{&quot;ekit_we_effect_on&quot;:&quot;none&quot;}\" data-widget_type=\"text-editor.default\">\n\t\t\t\t<div class=\"elementor-widget-container\">\n\t\t\t\t\t\t\t\t\t<div class=\"elementor-widget-container\">\n    # Informaci\u00f3n del producto\n\n    <div class=\"product-table\">\n        <div class=\"product-row\">\n            <div class=\"product-label\"><strong>Color<\/strong><\/div>\n            <div class=\"product-value\"><strong>LAVANDA 150ml<\/strong><\/div>\n        <\/div>\n        <div class=\"product-row\">\n            <div class=\"product-label\"><strong>Marca<\/strong><\/div>\n            <div class=\"product-value\"><strong>SPSIL<\/strong><\/div>\n        <\/div>\n        <div class=\"product-row\">\n            <div class=\"product-label\"><strong>Forma del producto<\/strong><\/div>\n            <div class=\"product-value\"><strong>Aerosol<\/strong><\/div>\n        <\/div>\n        <div class=\"product-row\">\n            <div class=\"product-label\"><strong>N\u00famero de unidades<\/strong><\/div>\n            <div class=\"product-value\"><strong>150,0 mililitros<\/strong><\/div>\n        <\/div>\n    <\/div>\n\n    <style>\n        .product-table {\n            width: 100%;\n            border-top: 1px solid #000;\n            font-family: Arial, sans-serif;\n        }\n\n        .product-row {\n            display: flex;\n            border-bottom: 1px solid #000;\n            padding: 12px 0;\n        }\n\n        .product-label {\n            flex: 1;\n            font-weight: bold;\n            min-width: 200px;\n            padding-right: 20px;\n        }\n\n        .product-value {\n            flex: 1;\n            min-width: 200px;\n        }\n    <\/style>\n<\/div>\t\t\t\t\t\t\t\t<\/div>\n\t\t\t\t<\/div>\n\t\t\t\t\t<\/div>\n\t\t\t\t<\/div>\n\t\t\t\t<\/div>","protected":false},"excerpt":{"rendered":"<h1 class=\"a-size-base-plus a-text-bold\">Acerca de este art\u00edculo<\/h1>\n<ul class=\"a-unordered-list a-vertical a-spacing-mini\">\n<li class=\"a-spacing-mini\"><span class=\"a-list-item\">ELIMINA LOS OLORES DE RA\u00cdZ - Su avanzada f\u00f3rmula antibacteriana elimina de forma permanente los olores de tabaco, mascotas y comida, no s\u00f3lo los cubre.<\/span><\/li>\n<li class=\"a-spacing-mini\"><span class=\"a-list-item\">AMBIENTE M\u00c1S SANO - Elimina g\u00e9rmenes y bacterias del aire, creando un espacio de conducci\u00f3n higi\u00e9nico para todos los pasajeros.<\/span><\/li>\n<\/ul>","protected":false},"featured_media":13751,"comment_status":"open","ping_status":"closed","template":"","meta":{"_acf_changed":false},"etheme_brands":[],"product_brand":[],"product_cat":[127,118],"product_tag":[],"class_list":{"0":"post-13748","1":"product","2":"type-product","3":"status-publish","4":"has-post-thumbnail","6":"product_cat-dao","7":"product_cat-sale-shop","9":"first","10":"instock","11":"sale","12":"shipping-taxable","13":"purchasable","14":"product-type-variable","15":"has-default-attributes","16":"wvs-archive-product-wrapper"},"acf":[],"_links":{"self":[{"href":"https:\/\/presencepower.shop\/es\/wp-json\/wp\/v2\/product\/13748","targetHints":{"allow":["GET"]}}],"collection":[{"href":"https:\/\/presencepower.shop\/es\/wp-json\/wp\/v2\/product"}],"about":[{"href":"https:\/\/presencepower.shop\/es\/wp-json\/wp\/v2\/types\/product"}],"replies":[{"embeddable":true,"href":"https:\/\/presencepower.shop\/es\/wp-json\/wp\/v2\/comments?post=13748"}],"version-history":[{"count":4,"href":"https:\/\/presencepower.shop\/es\/wp-json\/wp\/v2\/product\/13748\/revisions"}],"predecessor-version":[{"id":13769,"href":"https:\/\/presencepower.shop\/es\/wp-json\/wp\/v2\/product\/13748\/revisions\/13769"}],"wp:featuredmedia":[{"embeddable":true,"href":"https:\/\/presencepower.shop\/es\/wp-json\/wp\/v2\/media\/13751"}],"wp:attachment":[{"href":"https:\/\/presencepower.shop\/es\/wp-json\/wp\/v2\/media?parent=13748"}],"wp:term":[{"taxonomy":"brand","embeddable":true,"href":"https:\/\/presencepower.shop\/es\/wp-json\/wp\/v2\/etheme_brands?post=13748"},{"taxonomy":"product_brand","embeddable":true,"href":"https:\/\/presencepower.shop\/es\/wp-json\/wp\/v2\/product_brand?post=13748"},{"taxonomy":"product_cat","embeddable":true,"href":"https:\/\/presencepower.shop\/es\/wp-json\/wp\/v2\/product_cat?post=13748"},{"taxonomy":"product_tag","embeddable":true,"href":"https:\/\/presencepower.shop\/es\/wp-json\/wp\/v2\/product_tag?post=13748"}],"curies":[{"name":"wp","href":"https:\/\/api.w.org\/{rel}","templated":true}]}}