{"id":12949,"date":"2026-01-23T18:43:00","date_gmt":"2026-01-23T18:43:00","guid":{"rendered":"https:\/\/presencepower.shop\/?post_type=product&#038;p=12949"},"modified":"2026-01-23T18:43:01","modified_gmt":"2026-01-23T18:43:01","slug":"pistachio-knafeh-chocolate-bar-spread-bundle","status":"publish","type":"product","link":"https:\/\/presencepower.shop\/es\/producto\/pistachio-knafeh-chocolate-bar-spread-bundle\/","title":{"rendered":"Pistacho Knafeh Chocolate Bar &amp; Spread Bundle"},"content":{"rendered":"<p><img loading=\"lazy\" decoding=\"async\" class=\"alignnone size-full wp-image-12955\" src=\"https:\/\/presencepower.shop\/wp-content\/uploads\/2026\/01\/DSC03798-Edit.webp\" alt=\"\" width=\"713\" height=\"713\" srcset=\"https:\/\/presencepower.shop\/wp-content\/uploads\/2026\/01\/DSC03798-Edit.webp 713w, https:\/\/presencepower.shop\/wp-content\/uploads\/2026\/01\/DSC03798-Edit-300x300.webp 300w, https:\/\/presencepower.shop\/wp-content\/uploads\/2026\/01\/DSC03798-Edit-150x150.webp 150w, https:\/\/presencepower.shop\/wp-content\/uploads\/2026\/01\/DSC03798-Edit-12x12.webp 12w, https:\/\/presencepower.shop\/wp-content\/uploads\/2026\/01\/DSC03798-Edit-600x600.webp 600w, https:\/\/presencepower.shop\/wp-content\/uploads\/2026\/01\/DSC03798-Edit-100x100.webp 100w, https:\/\/presencepower.shop\/wp-content\/uploads\/2026\/01\/DSC03798-Edit-50x50.webp 50w, https:\/\/presencepower.shop\/wp-content\/uploads\/2026\/01\/DSC03798-Edit-1x1.webp 1w, https:\/\/presencepower.shop\/wp-content\/uploads\/2026\/01\/DSC03798-Edit-10x10.webp 10w\" sizes=\"auto, (max-width: 713px) 100vw, 713px\" \/> <img loading=\"lazy\" decoding=\"async\" class=\"alignnone size-full wp-image-12956\" src=\"https:\/\/presencepower.shop\/wp-content\/uploads\/2026\/01\/DSC03848-Edit-1.webp\" alt=\"\" width=\"713\" height=\"713\" srcset=\"https:\/\/presencepower.shop\/wp-content\/uploads\/2026\/01\/DSC03848-Edit-1.webp 713w, https:\/\/presencepower.shop\/wp-content\/uploads\/2026\/01\/DSC03848-Edit-1-300x300.webp 300w, https:\/\/presencepower.shop\/wp-content\/uploads\/2026\/01\/DSC03848-Edit-1-150x150.webp 150w, https:\/\/presencepower.shop\/wp-content\/uploads\/2026\/01\/DSC03848-Edit-1-12x12.webp 12w, https:\/\/presencepower.shop\/wp-content\/uploads\/2026\/01\/DSC03848-Edit-1-600x600.webp 600w, https:\/\/presencepower.shop\/wp-content\/uploads\/2026\/01\/DSC03848-Edit-1-100x100.webp 100w, https:\/\/presencepower.shop\/wp-content\/uploads\/2026\/01\/DSC03848-Edit-1-50x50.webp 50w, https:\/\/presencepower.shop\/wp-content\/uploads\/2026\/01\/DSC03848-Edit-1-1x1.webp 1w, https:\/\/presencepower.shop\/wp-content\/uploads\/2026\/01\/DSC03848-Edit-1-10x10.webp 10w\" sizes=\"auto, (max-width: 713px) 100vw, 713px\" \/><\/p>\n<h2 data-start=\"274\" data-end=\"328\">Una golosina viral inspirada en Oriente Medio como ninguna otra<\/h2>\n<p data-start=\"330\" data-end=\"642\">Disfrute de la mejor experiencia de postre con nuestro\u00a0<strong data-start=\"382\" data-end=\"440\">Pistacho Knafeh Chocolate Bar &amp; Crunchy Spread Bundle<\/strong>, inspirado en los ricos e ic\u00f3nicos sabores de Dubai. Este lujoso set combina el sedoso chocolate con leche con una crujiente pasta de pistacho y nueces para ofrecerte un momento dulce que querr\u00e1s revivir una y otra vez.<\/p>\n<h3 data-start=\"644\" data-end=\"662\">Qu\u00e9 hay dentro:<\/h3>\n<ul data-start=\"663\" data-end=\"1104\">\n<li data-start=\"663\" data-end=\"843\">\n<p data-start=\"665\" data-end=\"843\">\ud83c\udf6b\u00a0<strong data-start=\"668\" data-end=\"707\">Tableta de chocolate con leche Knafeh y pistacho<\/strong>\u00a0- Suave chocolate con leche de primera calidad relleno de cremoso pistacho con sabor a knafeh. Es rico, goloso y se deshace en la boca.<\/p>\n<\/li>\n<li data-start=\"844\" data-end=\"1104\">\n<p data-start=\"846\" data-end=\"1104\">\ud83d\udfe2\u00a0<strong data-start=\"849\" data-end=\"890\">Pistacho Knafeh Crujiente para untar (tarro)<\/strong>\u00a0- Un postre decadente hecho con\u00a0<strong data-start=\"929\" data-end=\"966\">kataifi asado (pasta rallada)<\/strong>\u00a0y salsa de pistacho para el equilibrio perfecto de\u00a0<strong data-start=\"1014\" data-end=\"1034\">crujiente y nata<\/strong>. Util\u00edcelo en tostadas, tortitas, fruta o disfr\u00fatelo directamente del tarro.<\/p>\n<\/li>\n<\/ul>\n<p data-start=\"1106\" data-end=\"1318\">Este paquete es\u00a0<strong data-start=\"1121\" data-end=\"1139\">halal-friendly<\/strong>\u00a0y elaborado para los amantes de las delicias \u00fanicas y de inspiraci\u00f3n cultural. Tanto si lo compras para regalar como si te lo quedas para ti (no te culpamos), es un \u00e9xito de p\u00fablico garantizado.<\/p>\n<hr data-start=\"1320\" data-end=\"1323\" \/>\n<h3 data-start=\"1325\" data-end=\"1353\">Por qu\u00e9 todo el mundo est\u00e1 obsesionado:<\/h3>\n<ul data-start=\"1354\" data-end=\"1591\">\n<li data-start=\"1354\" data-end=\"1415\">\n<p data-start=\"1356\" data-end=\"1415\">\u2705 Inspirado en los sabores virales del knafeh de pistacho de Dubai<\/p>\n<\/li>\n<li data-start=\"1416\" data-end=\"1470\">\n<p data-start=\"1418\" data-end=\"1470\">\u2705 Texturas crujientes y cremosas en una deliciosa combinaci\u00f3n<\/p>\n<\/li>\n<li data-start=\"1471\" data-end=\"1503\">\n<p data-start=\"1473\" data-end=\"1503\">Ingredientes Halal<\/p>\n<\/li>\n<li data-start=\"1504\" data-end=\"1539\">\n<p data-start=\"1506\" data-end=\"1539\">\u2705 Embalaje est\u00e9tico y regalable<\/p>\n<\/li>\n<li data-start=\"1540\" data-end=\"1591\">\n<p data-start=\"1542\" data-end=\"1591\">\u2705 Destacado en TikToks, reels y unboxings de foodie<\/p>\n<\/li>\n<\/ul>","protected":false},"excerpt":{"rendered":"<p>A Viral Middle Eastern-Inspired Treat Like No Other Indulge in the ultimate dessert experience with our\u00a0Pistachio Knafeh Chocolate Bar &amp;&#8230;<\/p>","protected":false},"featured_media":12955,"comment_status":"open","ping_status":"closed","template":"","meta":{"_acf_changed":false},"etheme_brands":[],"product_brand":[],"product_cat":[118],"product_tag":[],"class_list":{"0":"post-12949","1":"product","2":"type-product","3":"status-publish","4":"has-post-thumbnail","6":"product_cat-sale-shop","8":"first","9":"instock","10":"sale","11":"shipping-taxable","12":"purchasable","13":"product-type-simple"},"acf":[],"_links":{"self":[{"href":"https:\/\/presencepower.shop\/es\/wp-json\/wp\/v2\/product\/12949","targetHints":{"allow":["GET"]}}],"collection":[{"href":"https:\/\/presencepower.shop\/es\/wp-json\/wp\/v2\/product"}],"about":[{"href":"https:\/\/presencepower.shop\/es\/wp-json\/wp\/v2\/types\/product"}],"replies":[{"embeddable":true,"href":"https:\/\/presencepower.shop\/es\/wp-json\/wp\/v2\/comments?post=12949"}],"version-history":[{"count":1,"href":"https:\/\/presencepower.shop\/es\/wp-json\/wp\/v2\/product\/12949\/revisions"}],"predecessor-version":[{"id":12960,"href":"https:\/\/presencepower.shop\/es\/wp-json\/wp\/v2\/product\/12949\/revisions\/12960"}],"wp:featuredmedia":[{"embeddable":true,"href":"https:\/\/presencepower.shop\/es\/wp-json\/wp\/v2\/media\/12955"}],"wp:attachment":[{"href":"https:\/\/presencepower.shop\/es\/wp-json\/wp\/v2\/media?parent=12949"}],"wp:term":[{"taxonomy":"brand","embeddable":true,"href":"https:\/\/presencepower.shop\/es\/wp-json\/wp\/v2\/etheme_brands?post=12949"},{"taxonomy":"product_brand","embeddable":true,"href":"https:\/\/presencepower.shop\/es\/wp-json\/wp\/v2\/product_brand?post=12949"},{"taxonomy":"product_cat","embeddable":true,"href":"https:\/\/presencepower.shop\/es\/wp-json\/wp\/v2\/product_cat?post=12949"},{"taxonomy":"product_tag","embeddable":true,"href":"https:\/\/presencepower.shop\/es\/wp-json\/wp\/v2\/product_tag?post=12949"}],"curies":[{"name":"wp","href":"https:\/\/api.w.org\/{rel}","templated":true}]}}