{"id":12892,"date":"2026-01-23T18:28:54","date_gmt":"2026-01-23T18:28:54","guid":{"rendered":"https:\/\/presencepower.shop\/?post_type=product&#038;p=12892"},"modified":"2026-01-23T18:28:55","modified_gmt":"2026-01-23T18:28:55","slug":"dubai-350g-milk-chocolate-pistachio-and-kunafa-snack-bar-bonbon-crispy-shell-dessert-creamy","status":"publish","type":"product","link":"https:\/\/presencepower.shop\/es\/producto\/dubai-350g-milk-chocolate-pistachio-and-kunafa-snack-bar-bonbon-crispy-shell-dessert-creamy\/","title":{"rendered":"Dubai 350g Chocolate con leche Pistacho y Kunafa Snack Bar - - Bomb\u00f3n, Crujiente, Concha, Postre Cremoso"},"content":{"rendered":"<p><img loading=\"lazy\" decoding=\"async\" class=\"alignnone size-full wp-image-12895\" src=\"https:\/\/presencepower.shop\/wp-content\/uploads\/2026\/01\/6-IMG_3618_jpg.jpg\" alt=\"\" width=\"1536\" height=\"2048\" srcset=\"https:\/\/presencepower.shop\/wp-content\/uploads\/2026\/01\/6-IMG_3618_jpg.jpg 1536w, https:\/\/presencepower.shop\/wp-content\/uploads\/2026\/01\/6-IMG_3618_jpg-225x300.jpg 225w, https:\/\/presencepower.shop\/wp-content\/uploads\/2026\/01\/6-IMG_3618_jpg-768x1024.jpg 768w, https:\/\/presencepower.shop\/wp-content\/uploads\/2026\/01\/6-IMG_3618_jpg-1152x1536.jpg 1152w, https:\/\/presencepower.shop\/wp-content\/uploads\/2026\/01\/6-IMG_3618_jpg-9x12.jpg 9w, https:\/\/presencepower.shop\/wp-content\/uploads\/2026\/01\/6-IMG_3618_jpg-600x800.jpg 600w, https:\/\/presencepower.shop\/wp-content\/uploads\/2026\/01\/6-IMG_3618_jpg-1x1.jpg 1w, https:\/\/presencepower.shop\/wp-content\/uploads\/2026\/01\/6-IMG_3618_jpg-8x10.jpg 8w\" sizes=\"auto, (max-width: 1536px) 100vw, 1536px\" \/><\/p>\n<p><img loading=\"lazy\" decoding=\"async\" class=\"alignnone size-full wp-image-12896\" src=\"https:\/\/presencepower.shop\/wp-content\/uploads\/2026\/01\/56e2cfb393024fb2a70397fbc677b0fctplv-t5fjg24jzw-resize-jpeg_800_800.jpg\" alt=\"\" width=\"800\" height=\"800\" srcset=\"https:\/\/presencepower.shop\/wp-content\/uploads\/2026\/01\/56e2cfb393024fb2a70397fbc677b0fctplv-t5fjg24jzw-resize-jpeg_800_800.jpg 800w, https:\/\/presencepower.shop\/wp-content\/uploads\/2026\/01\/56e2cfb393024fb2a70397fbc677b0fctplv-t5fjg24jzw-resize-jpeg_800_800-300x300.jpg 300w, https:\/\/presencepower.shop\/wp-content\/uploads\/2026\/01\/56e2cfb393024fb2a70397fbc677b0fctplv-t5fjg24jzw-resize-jpeg_800_800-150x150.jpg 150w, https:\/\/presencepower.shop\/wp-content\/uploads\/2026\/01\/56e2cfb393024fb2a70397fbc677b0fctplv-t5fjg24jzw-resize-jpeg_800_800-768x768.jpg 768w, https:\/\/presencepower.shop\/wp-content\/uploads\/2026\/01\/56e2cfb393024fb2a70397fbc677b0fctplv-t5fjg24jzw-resize-jpeg_800_800-12x12.jpg 12w, https:\/\/presencepower.shop\/wp-content\/uploads\/2026\/01\/56e2cfb393024fb2a70397fbc677b0fctplv-t5fjg24jzw-resize-jpeg_800_800-600x600.jpg 600w, https:\/\/presencepower.shop\/wp-content\/uploads\/2026\/01\/56e2cfb393024fb2a70397fbc677b0fctplv-t5fjg24jzw-resize-jpeg_800_800-100x100.jpg 100w, https:\/\/presencepower.shop\/wp-content\/uploads\/2026\/01\/56e2cfb393024fb2a70397fbc677b0fctplv-t5fjg24jzw-resize-jpeg_800_800-50x50.jpg 50w, https:\/\/presencepower.shop\/wp-content\/uploads\/2026\/01\/56e2cfb393024fb2a70397fbc677b0fctplv-t5fjg24jzw-resize-jpeg_800_800-1x1.jpg 1w, https:\/\/presencepower.shop\/wp-content\/uploads\/2026\/01\/56e2cfb393024fb2a70397fbc677b0fctplv-t5fjg24jzw-resize-jpeg_800_800-10x10.jpg 10w\" sizes=\"auto, (max-width: 800px) 100vw, 800px\" \/><\/p>\n<p>&nbsp;<\/p>\n<p>&nbsp;<\/p>\n<p><img loading=\"lazy\" decoding=\"async\" class=\"alignnone size-full wp-image-12899\" src=\"https:\/\/presencepower.shop\/wp-content\/uploads\/2026\/01\/2-IMG_3642_jpg.jpg\" alt=\"\" width=\"1536\" height=\"2048\" srcset=\"https:\/\/presencepower.shop\/wp-content\/uploads\/2026\/01\/2-IMG_3642_jpg.jpg 1536w, https:\/\/presencepower.shop\/wp-content\/uploads\/2026\/01\/2-IMG_3642_jpg-225x300.jpg 225w, https:\/\/presencepower.shop\/wp-content\/uploads\/2026\/01\/2-IMG_3642_jpg-768x1024.jpg 768w, https:\/\/presencepower.shop\/wp-content\/uploads\/2026\/01\/2-IMG_3642_jpg-1152x1536.jpg 1152w, https:\/\/presencepower.shop\/wp-content\/uploads\/2026\/01\/2-IMG_3642_jpg-9x12.jpg 9w, https:\/\/presencepower.shop\/wp-content\/uploads\/2026\/01\/2-IMG_3642_jpg-600x800.jpg 600w, https:\/\/presencepower.shop\/wp-content\/uploads\/2026\/01\/2-IMG_3642_jpg-1x1.jpg 1w, https:\/\/presencepower.shop\/wp-content\/uploads\/2026\/01\/2-IMG_3642_jpg-8x10.jpg 8w\" sizes=\"auto, (max-width: 1536px) 100vw, 1536px\" \/><\/p>\n<p><img loading=\"lazy\" decoding=\"async\" class=\"alignnone size-full wp-image-12900\" src=\"https:\/\/presencepower.shop\/wp-content\/uploads\/2026\/01\/3-IMG_3637_jpg.jpg\" alt=\"\" width=\"1536\" height=\"2048\" srcset=\"https:\/\/presencepower.shop\/wp-content\/uploads\/2026\/01\/3-IMG_3637_jpg.jpg 1536w, https:\/\/presencepower.shop\/wp-content\/uploads\/2026\/01\/3-IMG_3637_jpg-225x300.jpg 225w, https:\/\/presencepower.shop\/wp-content\/uploads\/2026\/01\/3-IMG_3637_jpg-768x1024.jpg 768w, https:\/\/presencepower.shop\/wp-content\/uploads\/2026\/01\/3-IMG_3637_jpg-1152x1536.jpg 1152w, https:\/\/presencepower.shop\/wp-content\/uploads\/2026\/01\/3-IMG_3637_jpg-9x12.jpg 9w, https:\/\/presencepower.shop\/wp-content\/uploads\/2026\/01\/3-IMG_3637_jpg-600x800.jpg 600w, https:\/\/presencepower.shop\/wp-content\/uploads\/2026\/01\/3-IMG_3637_jpg-1x1.jpg 1w, https:\/\/presencepower.shop\/wp-content\/uploads\/2026\/01\/3-IMG_3637_jpg-8x10.jpg 8w\" sizes=\"auto, (max-width: 1536px) 100vw, 1536px\" \/><\/p>\n<p><img loading=\"lazy\" decoding=\"async\" class=\"alignnone size-full wp-image-12901\" src=\"https:\/\/presencepower.shop\/wp-content\/uploads\/2026\/01\/4-IMG_3635_jpg.jpg\" alt=\"\" width=\"1667\" height=\"2021\" srcset=\"https:\/\/presencepower.shop\/wp-content\/uploads\/2026\/01\/4-IMG_3635_jpg.jpg 1667w, https:\/\/presencepower.shop\/wp-content\/uploads\/2026\/01\/4-IMG_3635_jpg-247x300.jpg 247w, https:\/\/presencepower.shop\/wp-content\/uploads\/2026\/01\/4-IMG_3635_jpg-845x1024.jpg 845w, https:\/\/presencepower.shop\/wp-content\/uploads\/2026\/01\/4-IMG_3635_jpg-768x931.jpg 768w, https:\/\/presencepower.shop\/wp-content\/uploads\/2026\/01\/4-IMG_3635_jpg-1267x1536.jpg 1267w, https:\/\/presencepower.shop\/wp-content\/uploads\/2026\/01\/4-IMG_3635_jpg-10x12.jpg 10w, https:\/\/presencepower.shop\/wp-content\/uploads\/2026\/01\/4-IMG_3635_jpg-600x727.jpg 600w, https:\/\/presencepower.shop\/wp-content\/uploads\/2026\/01\/4-IMG_3635_jpg-1x1.jpg 1w, https:\/\/presencepower.shop\/wp-content\/uploads\/2026\/01\/4-IMG_3635_jpg-8x10.jpg 8w\" sizes=\"auto, (max-width: 1667px) 100vw, 1667px\" \/><\/p>\n<p><img loading=\"lazy\" decoding=\"async\" class=\"alignnone size-full wp-image-12902\" src=\"https:\/\/presencepower.shop\/wp-content\/uploads\/2026\/01\/5-IMG_3630_jpg.jpg\" alt=\"\" width=\"1535\" height=\"2048\" srcset=\"https:\/\/presencepower.shop\/wp-content\/uploads\/2026\/01\/5-IMG_3630_jpg.jpg 1535w, https:\/\/presencepower.shop\/wp-content\/uploads\/2026\/01\/5-IMG_3630_jpg-225x300.jpg 225w, https:\/\/presencepower.shop\/wp-content\/uploads\/2026\/01\/5-IMG_3630_jpg-768x1025.jpg 768w, https:\/\/presencepower.shop\/wp-content\/uploads\/2026\/01\/5-IMG_3630_jpg-1151x1536.jpg 1151w, https:\/\/presencepower.shop\/wp-content\/uploads\/2026\/01\/5-IMG_3630_jpg-9x12.jpg 9w, https:\/\/presencepower.shop\/wp-content\/uploads\/2026\/01\/5-IMG_3630_jpg-600x801.jpg 600w, https:\/\/presencepower.shop\/wp-content\/uploads\/2026\/01\/5-IMG_3630_jpg-1x1.jpg 1w, https:\/\/presencepower.shop\/wp-content\/uploads\/2026\/01\/5-IMG_3630_jpg-7x10.jpg 7w\" sizes=\"auto, (max-width: 1535px) 100vw, 1535px\" \/><\/p>\n<p data-start=\"236\" data-end=\"498\">Nuestra\u00a0<strong data-start=\"240\" data-end=\"254\">bestseller<\/strong>\u00a0y un verdadero favorito de los clientes. En\u00a0<strong data-start=\"290\" data-end=\"327\">Tableta de chocolate con pistacho y kunafah<\/strong>\u00a0se inspira en el famoso\u00a0<strong data-start=\"354\" data-end=\"379\">Chocolate a la dubait\u00ed<\/strong>, que combina el rico sabor a pistacho con capas de crujiente kunafah, todo ello envuelto en suave chocolate con leche belga.<\/p>\n<p data-start=\"500\" data-end=\"642\">Lujosa, indulgente y perfectamente equilibrada, esta barra es por la que todo el mundo vuelve, y una vez que la pruebes entender\u00e1s por qu\u00e9.<\/p>\n<hr data-start=\"644\" data-end=\"647\" \/>\n<p data-start=\"649\" data-end=\"754\">Perfecta para darse un capricho, regalar o compartir, esta barrita proporciona un bocado rico y satisfactorio en todo momento.<\/p>\n<p data-start=\"756\" data-end=\"779\"><strong data-start=\"756\" data-end=\"779\">Por qu\u00e9 te encantar\u00e1:<\/strong><\/p>\n<ul data-start=\"780\" data-end=\"917\">\n<li data-start=\"780\" data-end=\"834\">\n<p data-start=\"782\" data-end=\"834\">Elaborado con chocolate con leche belga Callebaut de primera calidad<\/p>\n<\/li>\n<li data-start=\"835\" data-end=\"857\">\n<p data-start=\"837\" data-end=\"857\">Hecho a mano con esmero<\/p>\n<\/li>\n<li data-start=\"858\" data-end=\"888\">\n<p data-start=\"860\" data-end=\"888\">Generoso\u00a0<strong data-start=\"869\" data-end=\"882\">350g-450g<\/strong>\u00a0bar<\/p>\n<\/li>\n<li data-start=\"889\" data-end=\"917\">\n<p data-start=\"891\" data-end=\"917\">Apto para vegetarianos<\/p>\n<\/li>\n<\/ul>\n<p data-start=\"919\" data-end=\"1183\"><strong data-start=\"919\" data-end=\"939\">Consejos sobre al\u00e9rgenos:<\/strong><br data-start=\"939\" data-end=\"942\" \/>Todos nuestros productos se elaboran en una cocina en la que se manipulan cereales que contienen gluten (trigo, avena, cebada, centeno), soja, leche, huevos, s\u00e9samo, frutos de c\u00e1scara, cacahuetes y di\u00f3xido de azufre. Por lo tanto, este producto puede contener trazas de los al\u00e9rgenos mencionados.<\/p>\n<p data-start=\"1185\" data-end=\"1397\"><strong data-start=\"1185\" data-end=\"1197\">Almacenamiento:<\/strong><br data-start=\"1197\" data-end=\"1200\" \/>Conservar en un lugar fresco y seco, protegido de la luz solar directa.<br data-start=\"1253\" data-end=\"1256\" \/>Para obtener un centro pegajoso y fundido, simplemente cali\u00e9ntalo en el microondas en r\u00e1fagas de 5 segundos y disfr\u00fatalo caliente.<br data-start=\"1334\" data-end=\"1337\" \/>La barrita puede disfrutarse s\u00f3lida o pastosa, como m\u00e1s le apetezca.<\/p>","protected":false},"excerpt":{"rendered":"<p>&nbsp; &nbsp; Our\u00a0bestseller\u00a0and a true customer favourite. The\u00a0Pistachio &amp; Kunafah Chocolate Bar\u00a0is inspired by the famous\u00a0Dubai-style chocolate, combining rich, nutty&#8230;<\/p>","protected":false},"featured_media":12899,"comment_status":"open","ping_status":"closed","template":"","meta":{"_acf_changed":false},"etheme_brands":[],"product_brand":[],"product_cat":[118],"product_tag":[],"class_list":{"0":"post-12892","1":"product","2":"type-product","3":"status-publish","4":"has-post-thumbnail","6":"product_cat-sale-shop","8":"first","9":"instock","10":"sale","11":"shipping-taxable","12":"purchasable","13":"product-type-simple"},"acf":[],"_links":{"self":[{"href":"https:\/\/presencepower.shop\/es\/wp-json\/wp\/v2\/product\/12892","targetHints":{"allow":["GET"]}}],"collection":[{"href":"https:\/\/presencepower.shop\/es\/wp-json\/wp\/v2\/product"}],"about":[{"href":"https:\/\/presencepower.shop\/es\/wp-json\/wp\/v2\/types\/product"}],"replies":[{"embeddable":true,"href":"https:\/\/presencepower.shop\/es\/wp-json\/wp\/v2\/comments?post=12892"}],"version-history":[{"count":1,"href":"https:\/\/presencepower.shop\/es\/wp-json\/wp\/v2\/product\/12892\/revisions"}],"predecessor-version":[{"id":12913,"href":"https:\/\/presencepower.shop\/es\/wp-json\/wp\/v2\/product\/12892\/revisions\/12913"}],"wp:featuredmedia":[{"embeddable":true,"href":"https:\/\/presencepower.shop\/es\/wp-json\/wp\/v2\/media\/12899"}],"wp:attachment":[{"href":"https:\/\/presencepower.shop\/es\/wp-json\/wp\/v2\/media?parent=12892"}],"wp:term":[{"taxonomy":"brand","embeddable":true,"href":"https:\/\/presencepower.shop\/es\/wp-json\/wp\/v2\/etheme_brands?post=12892"},{"taxonomy":"product_brand","embeddable":true,"href":"https:\/\/presencepower.shop\/es\/wp-json\/wp\/v2\/product_brand?post=12892"},{"taxonomy":"product_cat","embeddable":true,"href":"https:\/\/presencepower.shop\/es\/wp-json\/wp\/v2\/product_cat?post=12892"},{"taxonomy":"product_tag","embeddable":true,"href":"https:\/\/presencepower.shop\/es\/wp-json\/wp\/v2\/product_tag?post=12892"}],"curies":[{"name":"wp","href":"https:\/\/api.w.org\/{rel}","templated":true}]}}